{"id":825,"date":"2019-05-11T14:36:15","date_gmt":"2019-05-11T14:36:15","guid":{"rendered":"http:\/\/mebelacevski.com\/web\/mebel\/"},"modified":"2021-10-07T15:29:02","modified_gmt":"2021-10-07T15:29:02","slug":"mobilje","status":"publish","type":"page","link":"https:\/\/mebelacevski.com\/web\/sq\/mobilje\/","title":{"rendered":"Mobilje"},"content":{"rendered":"<hr \/>\n<h5>P\u00ebr m\u00eb shum\u00eb se dy dekada, &#8220;Mebel Acevski&#8221; ka punuar n\u00eb projektimin, prodhimin dhe instalimin e mobiljeve t\u00eb b\u00ebra me materiale pllakash. \u00c7do produkt \u00ebsht\u00eb nj\u00eb produkt unik, i jasht\u00ebzakonsh\u00ebm dhe i p\u00ebrshtatur sipas masave dhe k\u00ebrkesave nga klient\u00ebt. Ne kemi bashk\u00ebpunim me shum\u00eb arkitekt\u00eb dhe dizajner\u00eb maqedonas dhe s\u00eb bashku me ta mund t\u00eb mburremi me nj\u00eb num\u00ebr t\u00eb madh projektesh t\u00eb realizuara me sukses brenda dhe jasht\u00eb Maqedonis\u00eb.<br \/>\nFabrika jon\u00eb e prodhimit n\u00eb Bardovci ka makinat m\u00eb moderne p\u00ebr prodhimin e mobiljeve, me t\u00eb cilat ne mund ta plot\u00ebsojm\u00eb iden\u00eb e t\u00eb gjith\u00ebve. Ne punojm\u00eb me t\u00eb gjitha llojet e materialeve t\u00eb rrafsha, duke p\u00ebrfshir\u00eb edhe dru masiv.<\/h5>\n","protected":false},"excerpt":{"rendered":"<p>P\u00ebr m\u00eb shum\u00eb se dy dekada, &#8220;Mebel Acevski&#8221; ka punuar n\u00eb projektimin, prodhimin dhe instalimin e mobiljeve t\u00eb b\u00ebra me materiale pllakash. \u00c7do produkt \u00ebsht\u00eb nj\u00eb produkt unik, i jasht\u00ebzakonsh\u00ebm dhe i p\u00ebrshtatur sipas masave dhe k\u00ebrkesave nga klient\u00ebt. Ne kemi bashk\u00ebpunim me shum\u00eb arkitekt\u00eb dhe dizajner\u00eb maqedonas dhe s\u00eb bashku me ta mund t\u00eb &hellip; <\/p>\n<p class=\"link-more\"><a href=\"https:\/\/mebelacevski.com\/web\/sq\/mobilje\/\" class=\"more-link\">Continue reading<span class=\"screen-reader-text\"> &#8220;Mobilje&#8221;<\/span><\/a><\/p>\n","protected":false},"author":1,"featured_media":1351,"parent":0,"menu_order":0,"comment_status":"closed","ping_status":"closed","template":"template\/template-mebel.php","meta":[],"acf":[],"_links":{"self":[{"href":"https:\/\/mebelacevski.com\/web\/sq\/wp-json\/wp\/v2\/pages\/825"}],"collection":[{"href":"https:\/\/mebelacevski.com\/web\/sq\/wp-json\/wp\/v2\/pages"}],"about":[{"href":"https:\/\/mebelacevski.com\/web\/sq\/wp-json\/wp\/v2\/types\/page"}],"author":[{"embeddable":true,"href":"https:\/\/mebelacevski.com\/web\/sq\/wp-json\/wp\/v2\/users\/1"}],"replies":[{"embeddable":true,"href":"https:\/\/mebelacevski.com\/web\/sq\/wp-json\/wp\/v2\/comments?post=825"}],"version-history":[{"count":2,"href":"https:\/\/mebelacevski.com\/web\/sq\/wp-json\/wp\/v2\/pages\/825\/revisions"}],"predecessor-version":[{"id":827,"href":"https:\/\/mebelacevski.com\/web\/sq\/wp-json\/wp\/v2\/pages\/825\/revisions\/827"}],"wp:featuredmedia":[{"embeddable":true,"href":"https:\/\/mebelacevski.com\/web\/sq\/wp-json\/wp\/v2\/media\/1351"}],"wp:attachment":[{"href":"https:\/\/mebelacevski.com\/web\/sq\/wp-json\/wp\/v2\/media?parent=825"}],"curies":[{"name":"wp","href":"https:\/\/api.w.org\/{rel}","templated":true}]}}