{"id":949,"date":"2019-06-11T12:45:47","date_gmt":"2019-06-11T12:45:47","guid":{"rendered":"http:\/\/mebelacevski.com\/web\/kariera\/"},"modified":"2019-06-30T18:26:09","modified_gmt":"2019-06-30T18:26:09","slug":"karriere","status":"publish","type":"page","link":"https:\/\/mebelacevski.com\/web\/de\/karriere\/","title":{"rendered":"Karriere"},"content":{"rendered":"<p>Wir sind st\u00e4ndig auf der Suche nach neuen und qualifizierten Mitarbeitern, um unser Team zu erweitern. Wenn Sie eigene F\u00e4higkeiten im Bereich der Herstellung und Gestaltung von flachen M\u00f6beln und T\u00fcren bestizen kontaktieren Sie uns und senden Sie uns Ihren Lebenslauf.<\/p>\n\n<div class=\"wpcf7 no-js\" id=\"wpcf7-f952-o1\" lang=\"en-US\" dir=\"ltr\">\n<div class=\"screen-reader-response\"><p role=\"status\" aria-live=\"polite\" aria-atomic=\"true\"><\/p> <ul><\/ul><\/div>\n<form action=\"\/web\/de\/wp-json\/wp\/v2\/pages\/949#wpcf7-f952-o1\" method=\"post\" class=\"wpcf7-form init\" aria-label=\"Contact form\" enctype=\"multipart\/form-data\" novalidate=\"novalidate\" data-status=\"init\">\n<div style=\"display: none;\">\n<input type=\"hidden\" name=\"_wpcf7\" value=\"952\" \/>\n<input type=\"hidden\" name=\"_wpcf7_version\" value=\"5.7.7\" \/>\n<input type=\"hidden\" name=\"_wpcf7_locale\" value=\"en_US\" \/>\n<input type=\"hidden\" name=\"_wpcf7_unit_tag\" value=\"wpcf7-f952-o1\" \/>\n<input type=\"hidden\" name=\"_wpcf7_container_post\" value=\"0\" \/>\n<input type=\"hidden\" name=\"_wpcf7_posted_data_hash\" value=\"\" \/>\n<input type=\"hidden\" name=\"_wpcf7_recaptcha_response\" value=\"\" \/>\n<\/div>\n<p><label> VOR - und Nachname *<br \/>\n<span class=\"wpcf7-form-control-wrap\" data-name=\"your-name\"><input size=\"40\" class=\"wpcf7-form-control wpcf7-text wpcf7-validates-as-required\" aria-required=\"true\" aria-invalid=\"false\" value=\"\" type=\"text\" name=\"your-name\" \/><\/span> <\/label>\n<\/p>\n<p><label> Email*<br \/>\n<span class=\"wpcf7-form-control-wrap\" data-name=\"your-email\"><input size=\"40\" class=\"wpcf7-form-control wpcf7-text wpcf7-email wpcf7-validates-as-required wpcf7-validates-as-email\" aria-required=\"true\" aria-invalid=\"false\" value=\"\" type=\"email\" name=\"your-email\" \/><\/span> <\/label>\n<\/p>\n<p><label> Telefon*<br \/>\n<span class=\"wpcf7-form-control-wrap\" data-name=\"tel\"><input size=\"40\" class=\"wpcf7-form-control wpcf7-text wpcf7-tel wpcf7-validates-as-required wpcf7-validates-as-tel\" aria-required=\"true\" aria-invalid=\"false\" value=\"\" type=\"tel\" name=\"tel\" \/><\/span><\/label>\n<\/p>\n<p><label>LEBENSLAUF<br \/>\n<span class=\"wpcf7-form-control-wrap\" data-name=\"cv\"><input size=\"40\" class=\"wpcf7-form-control wpcf7-file wpcf7-validates-as-required\" accept=\".pdf,.docx,.doc\" aria-required=\"true\" aria-invalid=\"false\" type=\"file\" name=\"cv\" \/><\/span><\/label>\n<\/p>\n<p><input class=\"wpcf7-form-control has-spinner wpcf7-submit\" type=\"submit\" value=\"Kontakt senden\" \/>\n<\/p><div class=\"wpcf7-response-output\" aria-hidden=\"true\"><\/div>\n<\/form>\n<\/div>\n\n","protected":false},"excerpt":{"rendered":"<p>Wir sind st\u00e4ndig auf der Suche nach neuen und qualifizierten Mitarbeitern, um unser Team zu erweitern. Wenn Sie eigene F\u00e4higkeiten im Bereich der Herstellung und Gestaltung von flachen M\u00f6beln und T\u00fcren bestizen kontaktieren Sie uns und senden Sie uns Ihren Lebenslauf.<\/p>\n","protected":false},"author":1,"featured_media":0,"parent":0,"menu_order":0,"comment_status":"closed","ping_status":"closed","template":"template\/template-about-us.php","meta":[],"acf":[],"_links":{"self":[{"href":"https:\/\/mebelacevski.com\/web\/de\/wp-json\/wp\/v2\/pages\/949"}],"collection":[{"href":"https:\/\/mebelacevski.com\/web\/de\/wp-json\/wp\/v2\/pages"}],"about":[{"href":"https:\/\/mebelacevski.com\/web\/de\/wp-json\/wp\/v2\/types\/page"}],"author":[{"embeddable":true,"href":"https:\/\/mebelacevski.com\/web\/de\/wp-json\/wp\/v2\/users\/1"}],"replies":[{"embeddable":true,"href":"https:\/\/mebelacevski.com\/web\/de\/wp-json\/wp\/v2\/comments?post=949"}],"version-history":[{"count":2,"href":"https:\/\/mebelacevski.com\/web\/de\/wp-json\/wp\/v2\/pages\/949\/revisions"}],"predecessor-version":[{"id":953,"href":"https:\/\/mebelacevski.com\/web\/de\/wp-json\/wp\/v2\/pages\/949\/revisions\/953"}],"wp:attachment":[{"href":"https:\/\/mebelacevski.com\/web\/de\/wp-json\/wp\/v2\/media?parent=949"}],"curies":[{"name":"wp","href":"https:\/\/api.w.org\/{rel}","templated":true}]}}