{"id":928,"date":"2019-05-11T14:36:15","date_gmt":"2019-05-11T14:36:15","guid":{"rendered":"http:\/\/mebelacevski.com\/web\/mebel\/"},"modified":"2021-10-07T15:30:26","modified_gmt":"2021-10-07T15:30:26","slug":"moebel","status":"publish","type":"page","link":"https:\/\/mebelacevski.com\/web\/de\/moebel\/","title":{"rendered":"M\u00f6bel"},"content":{"rendered":"<hr \/>\n<h5>Seit mehr als zwei Jahrzehnten besch\u00e4ftigt sich &#8222;M\u00f6bel Acevski&#8220; mit Design, Herstellung und Montage von M\u00f6beln aus Plattenmaterial. Jedes Produkt ist einzigartig, au\u00dfergew\u00f6hnlich und dar\u00fcber hinaus nach Ma\u00df und Wunsch des Kunden hergestellt. Wir haben Zusammenarbeit mit vielen mazedonischen Architekten und Designer und zusammen mit ihnen k\u00f6nnen wir mit einer gro\u00dfen Anzahl von erfolgreichen realisierten Projekte in und aus Mazedonien zu r\u00fchmen.<br \/>\nUnser Produktionswerk in Bardovci verf\u00fcgt \u00fcber modernste Maschinen f\u00fcr Herstellung von M\u00f6beln, mit denen wir jedermanns Idee verwirklichen k\u00f6nnen. Wir arbeiten mit jeder Art von Plattenmaterial, einschlie\u00dflich Massivholz.<\/h5>\n","protected":false},"excerpt":{"rendered":"<p>Seit mehr als zwei Jahrzehnten besch\u00e4ftigt sich &#8222;M\u00f6bel Acevski&#8220; mit Design, Herstellung und Montage von M\u00f6beln aus Plattenmaterial. Jedes Produkt ist einzigartig, au\u00dfergew\u00f6hnlich und dar\u00fcber hinaus nach Ma\u00df und Wunsch des Kunden hergestellt. Wir haben Zusammenarbeit mit vielen mazedonischen Architekten und Designer und zusammen mit ihnen k\u00f6nnen wir mit einer gro\u00dfen Anzahl von erfolgreichen realisierten &hellip; <\/p>\n<p class=\"link-more\"><a href=\"https:\/\/mebelacevski.com\/web\/de\/moebel\/\" class=\"more-link\">Continue reading<span class=\"screen-reader-text\"> &#8222;M\u00f6bel&#8220;<\/span><\/a><\/p>\n","protected":false},"author":1,"featured_media":1351,"parent":0,"menu_order":0,"comment_status":"closed","ping_status":"closed","template":"template\/template-mebel.php","meta":[],"acf":[],"_links":{"self":[{"href":"https:\/\/mebelacevski.com\/web\/de\/wp-json\/wp\/v2\/pages\/928"}],"collection":[{"href":"https:\/\/mebelacevski.com\/web\/de\/wp-json\/wp\/v2\/pages"}],"about":[{"href":"https:\/\/mebelacevski.com\/web\/de\/wp-json\/wp\/v2\/types\/page"}],"author":[{"embeddable":true,"href":"https:\/\/mebelacevski.com\/web\/de\/wp-json\/wp\/v2\/users\/1"}],"replies":[{"embeddable":true,"href":"https:\/\/mebelacevski.com\/web\/de\/wp-json\/wp\/v2\/comments?post=928"}],"version-history":[{"count":2,"href":"https:\/\/mebelacevski.com\/web\/de\/wp-json\/wp\/v2\/pages\/928\/revisions"}],"predecessor-version":[{"id":930,"href":"https:\/\/mebelacevski.com\/web\/de\/wp-json\/wp\/v2\/pages\/928\/revisions\/930"}],"wp:featuredmedia":[{"embeddable":true,"href":"https:\/\/mebelacevski.com\/web\/de\/wp-json\/wp\/v2\/media\/1351"}],"wp:attachment":[{"href":"https:\/\/mebelacevski.com\/web\/de\/wp-json\/wp\/v2\/media?parent=928"}],"curies":[{"name":"wp","href":"https:\/\/api.w.org\/{rel}","templated":true}]}}